{"id":400,"date":"2025-06-16T14:10:00","date_gmt":"2025-06-16T14:10:00","guid":{"rendered":"https:\/\/automatydowaty.pl\/?post_type=product&#038;p=400"},"modified":"2025-06-27T13:33:45","modified_gmt":"2025-06-27T13:33:45","slug":"papierove-tycinky-na-cukrovu-vatu-karton-300-kusov","status":"publish","type":"product","link":"https:\/\/automatydowaty.pl\/sk\/produkt\/papierove-tycinky-na-cukrovu-vatu-karton-300-kusov\/","title":{"rendered":"Papierov\u00e9 ty\u010dinky na cukrov\u00fa vatu - kart\u00f3n (300 kusov)"},"content":{"rendered":"<p>Papierov\u00e9 ty\u010dinky na cukrov\u00fa vatu - ekologick\u00e9 a bezpe\u010dn\u00e9<br \/>\nNa\u0161e papierov\u00e9 ty\u010dinky boli \u0161peci\u00e1lne navrhnut\u00e9 na pou\u017eitie v automatoch na cukrov\u00fa vatu. Je to ekologick\u00e9 a praktick\u00e9 rie\u0161enie, ktor\u00e9 poskytuje pohodlie, ako aj \u010dist\u00fa a bezpe\u010dn\u00fa hru - ide\u00e1lne pre deti aj dospel\u00fdch.<\/p>\n<p>Hlavn\u00e9 v\u00fdhody:<br \/>\n\u0160etrn\u00e9 k \u017eivotn\u00e9mu prostrediu<br \/>\nVyroben\u00e9 z recyklovate\u013en\u00e9ho papiera - udr\u017eate\u013enej alternat\u00edvy k plastov\u00fdm a dreven\u00fdm pali\u010dk\u00e1m, ktor\u00e1 zni\u017euje vplyv na \u017eivotn\u00e9 prostredie.<\/p>\n<p>Stabiln\u00e9 a odoln\u00e9<br \/>\nRobustn\u00e1 kon\u0161trukcia umo\u017e\u0148uje dr\u017ea\u0165 cukrov\u00fa vatu bez rizika zlomenia, deform\u00e1cie alebo nasiaknutia vlhkos\u0165ou.<\/p>\n<p>Bezpe\u010dn\u00e9 pou\u017e\u00edvanie<br \/>\nHladk\u00e9, bez ostr\u00fdch hr\u00e1n a triesky - ide\u00e1lne pre deti a hygienickej\u0161ie ako tradi\u010dn\u00e9 dreven\u00e9 pali\u010dky.<\/p>\n<p>Univerz\u00e1lne pou\u017eitie<br \/>\nS\u00fa vhodn\u00e9 pre v\u00e4\u010d\u0161inu modelov stroj\u010dekov na cukrov\u00fa vatu a ve\u013emi \u013eahko sa pou\u017e\u00edvaj\u00fa.<\/p>\n<p>Na\u0161e papierov\u00e9 ty\u010dinky s\u00fa nevyhnutn\u00fdm doplnkom pre ka\u017ed\u00e9ho milovn\u00edka cukrovej vaty - sp\u00e1jaj\u00fa starostlivos\u0165 o \u017eivotn\u00e9 prostredie s funk\u010dnos\u0165ou a bezpe\u010dnos\u0165ou.<\/p>","protected":false},"excerpt":{"rendered":"<p>Papierov\u00e9 ty\u010dinky na cukrov\u00fa vatu - ekologick\u00e9 a bezpe\u010dn\u00e9 Na\u0161e papierov\u00e9 ty\u010dinky boli \u0161peci\u00e1lne navrhnut\u00e9 na pou\u017eitie v automatoch na cukrov\u00fa vatu.<\/p>","protected":false},"featured_media":403,"comment_status":"open","ping_status":"closed","template":"","meta":[],"product_brand":[],"product_cat":[15],"product_tag":[],"class_list":{"0":"post-400","1":"product","2":"type-product","3":"status-publish","4":"has-post-thumbnail","6":"product_cat-patyczki-do-waty-cukrowej","8":"first","9":"instock","10":"taxable","11":"shipping-taxable","12":"purchasable","13":"product-type-simple"},"yoast_head":"<!-- This site is optimized with the Yoast SEO Premium plugin v24.2 (Yoast SEO v27.2) - https:\/\/yoast.com\/product\/yoast-seo-premium-wordpress\/ -->\n<title>Papierowe patyczki do waty cukrowej - Karton (300 sztuk) - Automaty do Waty<\/title>\n<meta name=\"robots\" content=\"index, follow, max-snippet:-1, max-image-preview:large, max-video-preview:-1\" \/>\n<link rel=\"canonical\" href=\"https:\/\/automatydowaty.pl\/sk\/produkt\/papierove-tycinky-na-cukrovu-vatu-karton-300-kusov\/\" \/>\n<meta property=\"og:locale\" content=\"sk_SK\" \/>\n<meta property=\"og:type\" content=\"article\" \/>\n<meta property=\"og:title\" content=\"Papierowe patyczki do waty cukrowej - Karton (300 sztuk)\" \/>\n<meta property=\"og:description\" content=\"Papierowe patyczki do waty cukrowej \u2013 ekologiczne i bezpieczne Nasze papierowe patyczki zosta\u0142y specjalnie zaprojektowane do u\u017cytku w maszynach do\" \/>\n<meta property=\"og:url\" content=\"https:\/\/automatydowaty.pl\/sk\/produkt\/papierove-tycinky-na-cukrovu-vatu-karton-300-kusov\/\" \/>\n<meta property=\"og:site_name\" content=\"Automaty do Waty\" \/>\n<meta property=\"article:modified_time\" content=\"2025-06-27T13:33:45+00:00\" \/>\n<meta property=\"og:image\" content=\"https:\/\/automatydowaty.pl\/wp-content\/uploads\/2025\/06\/Projekt-bez-nazwy-5-1.png\" \/>\n\t<meta property=\"og:image:width\" content=\"1620\" \/>\n\t<meta property=\"og:image:height\" content=\"2025\" \/>\n\t<meta property=\"og:image:type\" content=\"image\/png\" \/>\n<meta name=\"twitter:card\" content=\"summary_large_image\" \/>\n<meta name=\"twitter:label1\" content=\"Predpokladan\u00fd \u010das \u010d\u00edtania\" \/>\n\t<meta name=\"twitter:data1\" content=\"2 min\u00faty\" \/>\n<script type=\"application\/ld+json\" class=\"yoast-schema-graph\">{\"@context\":\"https:\/\/schema.org\",\"@graph\":[{\"@type\":\"WebPage\",\"@id\":\"https:\/\/automatydowaty.pl\/produkt\/papierowe-patyczki-do-waty-cukrowej-karton-300-sztuk\/\",\"url\":\"https:\/\/automatydowaty.pl\/produkt\/papierowe-patyczki-do-waty-cukrowej-karton-300-sztuk\/\",\"name\":\"Papierowe patyczki do waty cukrowej - Karton (300 sztuk) - Automaty do Waty\",\"isPartOf\":{\"@id\":\"https:\/\/automatydowaty.pl\/#website\"},\"primaryImageOfPage\":{\"@id\":\"https:\/\/automatydowaty.pl\/produkt\/papierowe-patyczki-do-waty-cukrowej-karton-300-sztuk\/#primaryimage\"},\"image\":{\"@id\":\"https:\/\/automatydowaty.pl\/produkt\/papierowe-patyczki-do-waty-cukrowej-karton-300-sztuk\/#primaryimage\"},\"thumbnailUrl\":\"https:\/\/automatydowaty.pl\/wp-content\/uploads\/2025\/06\/Projekt-bez-nazwy-5-1.png\",\"datePublished\":\"2025-06-16T14:10:00+00:00\",\"dateModified\":\"2025-06-27T13:33:45+00:00\",\"breadcrumb\":{\"@id\":\"https:\/\/automatydowaty.pl\/produkt\/papierowe-patyczki-do-waty-cukrowej-karton-300-sztuk\/#breadcrumb\"},\"inLanguage\":\"sk-SK\",\"potentialAction\":[{\"@type\":\"ReadAction\",\"target\":[\"https:\/\/automatydowaty.pl\/produkt\/papierowe-patyczki-do-waty-cukrowej-karton-300-sztuk\/\"]}]},{\"@type\":\"ImageObject\",\"inLanguage\":\"sk-SK\",\"@id\":\"https:\/\/automatydowaty.pl\/produkt\/papierowe-patyczki-do-waty-cukrowej-karton-300-sztuk\/#primaryimage\",\"url\":\"https:\/\/automatydowaty.pl\/wp-content\/uploads\/2025\/06\/Projekt-bez-nazwy-5-1.png\",\"contentUrl\":\"https:\/\/automatydowaty.pl\/wp-content\/uploads\/2025\/06\/Projekt-bez-nazwy-5-1.png\",\"width\":1620,\"height\":2025},{\"@type\":\"BreadcrumbList\",\"@id\":\"https:\/\/automatydowaty.pl\/produkt\/papierowe-patyczki-do-waty-cukrowej-karton-300-sztuk\/#breadcrumb\",\"itemListElement\":[{\"@type\":\"ListItem\",\"position\":1,\"name\":\"Strona g\u0142\u00f3wna\",\"item\":\"https:\/\/automatydowaty.pl\/\"},{\"@type\":\"ListItem\",\"position\":2,\"name\":\"Sklep\",\"item\":\"https:\/\/automatydowaty.pl\/sklep\/\"},{\"@type\":\"ListItem\",\"position\":3,\"name\":\"Papierowe patyczki do waty cukrowej &#8211; Karton (300 sztuk)\"}]},{\"@type\":\"WebSite\",\"@id\":\"https:\/\/automatydowaty.pl\/#website\",\"url\":\"https:\/\/automatydowaty.pl\/\",\"name\":\"Automaty do Waty\",\"description\":\"Polski importer automat\u00f3w do waty\",\"publisher\":{\"@id\":\"https:\/\/automatydowaty.pl\/#organization\"},\"potentialAction\":[{\"@type\":\"SearchAction\",\"target\":{\"@type\":\"EntryPoint\",\"urlTemplate\":\"https:\/\/automatydowaty.pl\/?s={search_term_string}\"},\"query-input\":{\"@type\":\"PropertyValueSpecification\",\"valueRequired\":true,\"valueName\":\"search_term_string\"}}],\"inLanguage\":\"sk-SK\"},{\"@type\":\"Organization\",\"@id\":\"https:\/\/automatydowaty.pl\/#organization\",\"name\":\"Automaty do Waty\",\"url\":\"https:\/\/automatydowaty.pl\/\",\"logo\":{\"@type\":\"ImageObject\",\"inLanguage\":\"sk-SK\",\"@id\":\"https:\/\/automatydowaty.pl\/#\/schema\/logo\/image\/\",\"url\":\"https:\/\/automatydowaty.pl\/wp-content\/uploads\/2024\/12\/AUTOMATY-DO-WATY-5-e1735304207394.png\",\"contentUrl\":\"https:\/\/automatydowaty.pl\/wp-content\/uploads\/2024\/12\/AUTOMATY-DO-WATY-5-e1735304207394.png\",\"width\":500,\"height\":200,\"caption\":\"Automaty do Waty\"},\"image\":{\"@id\":\"https:\/\/automatydowaty.pl\/#\/schema\/logo\/image\/\"}}]}<\/script>\n<!-- \/ Yoast SEO Premium plugin. -->","yoast_head_json":{"title":"Papierov\u00e9 ty\u010dinky na cukrov\u00fa vatu - kart\u00f3n (300 kusov) - predajn\u00e9 automaty","robots":{"index":"index","follow":"follow","max-snippet":"max-snippet:-1","max-image-preview":"max-image-preview:large","max-video-preview":"max-video-preview:-1"},"canonical":"https:\/\/automatydowaty.pl\/sk\/produkt\/papierove-tycinky-na-cukrovu-vatu-karton-300-kusov\/","og_locale":"sk_SK","og_type":"article","og_title":"Papierowe patyczki do waty cukrowej - Karton (300 sztuk)","og_description":"Papierowe patyczki do waty cukrowej \u2013 ekologiczne i bezpieczne Nasze papierowe patyczki zosta\u0142y specjalnie zaprojektowane do u\u017cytku w maszynach do","og_url":"https:\/\/automatydowaty.pl\/sk\/produkt\/papierove-tycinky-na-cukrovu-vatu-karton-300-kusov\/","og_site_name":"Automaty do Waty","article_modified_time":"2025-06-27T13:33:45+00:00","og_image":[{"width":1620,"height":2025,"url":"https:\/\/automatydowaty.pl\/wp-content\/uploads\/2025\/06\/Projekt-bez-nazwy-5-1.png","type":"image\/png"}],"twitter_card":"summary_large_image","twitter_misc":{"Predpokladan\u00fd \u010das \u010d\u00edtania":"2 min\u00faty"},"schema":{"@context":"https:\/\/schema.org","@graph":[{"@type":"WebPage","@id":"https:\/\/automatydowaty.pl\/produkt\/papierowe-patyczki-do-waty-cukrowej-karton-300-sztuk\/","url":"https:\/\/automatydowaty.pl\/produkt\/papierowe-patyczki-do-waty-cukrowej-karton-300-sztuk\/","name":"Papierov\u00e9 ty\u010dinky na cukrov\u00fa vatu - kart\u00f3n (300 kusov) - predajn\u00e9 automaty","isPartOf":{"@id":"https:\/\/automatydowaty.pl\/#website"},"primaryImageOfPage":{"@id":"https:\/\/automatydowaty.pl\/produkt\/papierowe-patyczki-do-waty-cukrowej-karton-300-sztuk\/#primaryimage"},"image":{"@id":"https:\/\/automatydowaty.pl\/produkt\/papierowe-patyczki-do-waty-cukrowej-karton-300-sztuk\/#primaryimage"},"thumbnailUrl":"https:\/\/automatydowaty.pl\/wp-content\/uploads\/2025\/06\/Projekt-bez-nazwy-5-1.png","datePublished":"2025-06-16T14:10:00+00:00","dateModified":"2025-06-27T13:33:45+00:00","breadcrumb":{"@id":"https:\/\/automatydowaty.pl\/produkt\/papierowe-patyczki-do-waty-cukrowej-karton-300-sztuk\/#breadcrumb"},"inLanguage":"sk-SK","potentialAction":[{"@type":"ReadAction","target":["https:\/\/automatydowaty.pl\/produkt\/papierowe-patyczki-do-waty-cukrowej-karton-300-sztuk\/"]}]},{"@type":"ImageObject","inLanguage":"sk-SK","@id":"https:\/\/automatydowaty.pl\/produkt\/papierowe-patyczki-do-waty-cukrowej-karton-300-sztuk\/#primaryimage","url":"https:\/\/automatydowaty.pl\/wp-content\/uploads\/2025\/06\/Projekt-bez-nazwy-5-1.png","contentUrl":"https:\/\/automatydowaty.pl\/wp-content\/uploads\/2025\/06\/Projekt-bez-nazwy-5-1.png","width":1620,"height":2025},{"@type":"BreadcrumbList","@id":"https:\/\/automatydowaty.pl\/produkt\/papierowe-patyczki-do-waty-cukrowej-karton-300-sztuk\/#breadcrumb","itemListElement":[{"@type":"ListItem","position":1,"name":"Strona g\u0142\u00f3wna","item":"https:\/\/automatydowaty.pl\/"},{"@type":"ListItem","position":2,"name":"Sklep","item":"https:\/\/automatydowaty.pl\/sklep\/"},{"@type":"ListItem","position":3,"name":"Papierowe patyczki do waty cukrowej &#8211; Karton (300 sztuk)"}]},{"@type":"WebSite","@id":"https:\/\/automatydowaty.pl\/#website","url":"https:\/\/automatydowaty.pl\/","name":"Predajn\u00e9 automaty","description":"Po\u013esk\u00fd dovozca predajn\u00fdch automatov","publisher":{"@id":"https:\/\/automatydowaty.pl\/#organization"},"potentialAction":[{"@type":"SearchAction","target":{"@type":"EntryPoint","urlTemplate":"https:\/\/automatydowaty.pl\/?s={search_term_string}"},"query-input":{"@type":"PropertyValueSpecification","valueRequired":true,"valueName":"search_term_string"}}],"inLanguage":"sk-SK"},{"@type":"Organization","@id":"https:\/\/automatydowaty.pl\/#organization","name":"Predajn\u00e9 automaty","url":"https:\/\/automatydowaty.pl\/","logo":{"@type":"ImageObject","inLanguage":"sk-SK","@id":"https:\/\/automatydowaty.pl\/#\/schema\/logo\/image\/","url":"https:\/\/automatydowaty.pl\/wp-content\/uploads\/2024\/12\/AUTOMATY-DO-WATY-5-e1735304207394.png","contentUrl":"https:\/\/automatydowaty.pl\/wp-content\/uploads\/2024\/12\/AUTOMATY-DO-WATY-5-e1735304207394.png","width":500,"height":200,"caption":"Automaty do Waty"},"image":{"@id":"https:\/\/automatydowaty.pl\/#\/schema\/logo\/image\/"}}]}},"_links":{"self":[{"href":"https:\/\/automatydowaty.pl\/sk\/wp-json\/wp\/v2\/product\/400","targetHints":{"allow":["GET"]}}],"collection":[{"href":"https:\/\/automatydowaty.pl\/sk\/wp-json\/wp\/v2\/product"}],"about":[{"href":"https:\/\/automatydowaty.pl\/sk\/wp-json\/wp\/v2\/types\/product"}],"replies":[{"embeddable":true,"href":"https:\/\/automatydowaty.pl\/sk\/wp-json\/wp\/v2\/comments?post=400"}],"wp:featuredmedia":[{"embeddable":true,"href":"https:\/\/automatydowaty.pl\/sk\/wp-json\/wp\/v2\/media\/403"}],"wp:attachment":[{"href":"https:\/\/automatydowaty.pl\/sk\/wp-json\/wp\/v2\/media?parent=400"}],"wp:term":[{"taxonomy":"product_brand","embeddable":true,"href":"https:\/\/automatydowaty.pl\/sk\/wp-json\/wp\/v2\/product_brand?post=400"},{"taxonomy":"product_cat","embeddable":true,"href":"https:\/\/automatydowaty.pl\/sk\/wp-json\/wp\/v2\/product_cat?post=400"},{"taxonomy":"product_tag","embeddable":true,"href":"https:\/\/automatydowaty.pl\/sk\/wp-json\/wp\/v2\/product_tag?post=400"}],"curies":[{"name":"wp","href":"https:\/\/api.w.org\/{rel}","templated":true}]}}