{"id":400,"date":"2025-06-16T14:10:00","date_gmt":"2025-06-16T14:10:00","guid":{"rendered":"https:\/\/automatydowaty.pl\/?post_type=product&#038;p=400"},"modified":"2025-06-27T13:33:45","modified_gmt":"2025-06-27T13:33:45","slug":"papirove-tycinky-z-cukrove-vaty-karton-300-kusu","status":"publish","type":"product","link":"https:\/\/automatydowaty.pl\/cs\/produkt\/papirove-tycinky-z-cukrove-vaty-karton-300-kusu\/","title":{"rendered":"Pap\u00edrov\u00e9 ty\u010dinky z cukrov\u00e9 vaty - karton (300 kus\u016f)"},"content":{"rendered":"<p>Ty\u010dinky z pap\u00edrov\u00e9 cukrov\u00e9 vaty - ekologick\u00e9 a bezpe\u010dn\u00e9<br \/>\nNa\u0161e pap\u00edrov\u00e9 ty\u010dinky byly speci\u00e1ln\u011b navr\u017eeny pro pou\u017eit\u00ed v automatech na cukrovou vatu. Jedn\u00e1 se o ekologick\u00e9 a praktick\u00e9 \u0159e\u0161en\u00ed, kter\u00e9 poskytuje pohodl\u00ed i \u010distou a bezpe\u010dnou hru - ide\u00e1ln\u00ed pro d\u011bti i dosp\u011bl\u00e9.<\/p>\n<p>Hlavn\u00ed v\u00fdhody:<br \/>\n\u0160etrn\u00e9 k \u017eivotn\u00edmu prost\u0159ed\u00ed<br \/>\nVyrobeno z recyklovateln\u00e9ho pap\u00edru - udr\u017eiteln\u00e1 alternativa k plastov\u00fdm a d\u0159ev\u011bn\u00fdm ty\u010dink\u00e1m, kter\u00e1 sni\u017euje dopad na \u017eivotn\u00ed prost\u0159ed\u00ed.<\/p>\n<p>Stabiln\u00ed a odoln\u00e9<br \/>\nRobustn\u00ed konstrukce umo\u017e\u0148uje dr\u017eet cukrovou vatu bez rizika zlomen\u00ed, deformace nebo nas\u00e1knut\u00ed vlhkosti.<\/p>\n<p>Bezpe\u010dn\u00e9 pou\u017e\u00edv\u00e1n\u00ed<br \/>\nHladk\u00e9, bez ostr\u00fdch hran a t\u0159\u00edsek - ide\u00e1ln\u00ed pro d\u011bti a hygieni\u010dt\u011bj\u0161\u00ed ne\u017e tradi\u010dn\u00ed d\u0159ev\u011bn\u00e9 h\u016flky.<\/p>\n<p>Univerz\u00e1ln\u00ed pou\u017eit\u00ed<br \/>\nJsou vhodn\u00e9 pro v\u011bt\u0161inu model\u016f strojk\u016f na cukrovou vatu a jejich pou\u017eit\u00ed je velmi snadn\u00e9.<\/p>\n<p>Na\u0161e pap\u00edrov\u00e9 ty\u010dinky jsou nezbytn\u00fdm dopl\u0148kem pro ka\u017ed\u00e9ho milovn\u00edka cukrov\u00e9 vaty - spojuj\u00ed p\u00e9\u010di o \u017eivotn\u00ed prost\u0159ed\u00ed s funk\u010dnost\u00ed a bezpe\u010dnost\u00ed.<\/p>","protected":false},"excerpt":{"rendered":"<p>Pap\u00edrov\u00e9 ty\u010dinky na cukrovou vatu - ekologick\u00e9 a bezpe\u010dn\u00e9 Na\u0161e pap\u00edrov\u00e9 ty\u010dinky byly speci\u00e1ln\u011b navr\u017eeny pro pou\u017eit\u00ed v automatech na cukrovou vatu.<\/p>","protected":false},"featured_media":403,"comment_status":"open","ping_status":"closed","template":"","meta":[],"product_brand":[],"product_cat":[15],"product_tag":[],"class_list":{"0":"post-400","1":"product","2":"type-product","3":"status-publish","4":"has-post-thumbnail","6":"product_cat-patyczki-do-waty-cukrowej","8":"first","9":"instock","10":"taxable","11":"shipping-taxable","12":"purchasable","13":"product-type-simple"},"yoast_head":"<!-- This site is optimized with the Yoast SEO Premium plugin v24.2 (Yoast SEO v27.2) - https:\/\/yoast.com\/product\/yoast-seo-premium-wordpress\/ -->\n<title>Papierowe patyczki do waty cukrowej - Karton (300 sztuk) - Automaty do Waty<\/title>\n<meta name=\"robots\" content=\"index, follow, max-snippet:-1, max-image-preview:large, max-video-preview:-1\" \/>\n<link rel=\"canonical\" href=\"https:\/\/automatydowaty.pl\/cs\/produkt\/papirove-tycinky-z-cukrove-vaty-karton-300-kusu\/\" \/>\n<meta property=\"og:locale\" content=\"cs_CZ\" \/>\n<meta property=\"og:type\" content=\"article\" \/>\n<meta property=\"og:title\" content=\"Papierowe patyczki do waty cukrowej - Karton (300 sztuk)\" \/>\n<meta property=\"og:description\" content=\"Papierowe patyczki do waty cukrowej \u2013 ekologiczne i bezpieczne Nasze papierowe patyczki zosta\u0142y specjalnie zaprojektowane do u\u017cytku w maszynach do\" \/>\n<meta property=\"og:url\" content=\"https:\/\/automatydowaty.pl\/cs\/produkt\/papirove-tycinky-z-cukrove-vaty-karton-300-kusu\/\" \/>\n<meta property=\"og:site_name\" content=\"Automaty do Waty\" \/>\n<meta property=\"article:modified_time\" content=\"2025-06-27T13:33:45+00:00\" \/>\n<meta property=\"og:image\" content=\"https:\/\/automatydowaty.pl\/wp-content\/uploads\/2025\/06\/Projekt-bez-nazwy-5-1.png\" \/>\n\t<meta property=\"og:image:width\" content=\"1620\" \/>\n\t<meta property=\"og:image:height\" content=\"2025\" \/>\n\t<meta property=\"og:image:type\" content=\"image\/png\" \/>\n<meta name=\"twitter:card\" content=\"summary_large_image\" \/>\n<meta name=\"twitter:label1\" content=\"Odhadovan\u00e1 doba \u010dten\u00ed\" \/>\n\t<meta name=\"twitter:data1\" content=\"2 minuty\" \/>\n<script type=\"application\/ld+json\" class=\"yoast-schema-graph\">{\"@context\":\"https:\/\/schema.org\",\"@graph\":[{\"@type\":\"WebPage\",\"@id\":\"https:\/\/automatydowaty.pl\/produkt\/papierowe-patyczki-do-waty-cukrowej-karton-300-sztuk\/\",\"url\":\"https:\/\/automatydowaty.pl\/produkt\/papierowe-patyczki-do-waty-cukrowej-karton-300-sztuk\/\",\"name\":\"Papierowe patyczki do waty cukrowej - Karton (300 sztuk) - Automaty do Waty\",\"isPartOf\":{\"@id\":\"https:\/\/automatydowaty.pl\/#website\"},\"primaryImageOfPage\":{\"@id\":\"https:\/\/automatydowaty.pl\/produkt\/papierowe-patyczki-do-waty-cukrowej-karton-300-sztuk\/#primaryimage\"},\"image\":{\"@id\":\"https:\/\/automatydowaty.pl\/produkt\/papierowe-patyczki-do-waty-cukrowej-karton-300-sztuk\/#primaryimage\"},\"thumbnailUrl\":\"https:\/\/automatydowaty.pl\/wp-content\/uploads\/2025\/06\/Projekt-bez-nazwy-5-1.png\",\"datePublished\":\"2025-06-16T14:10:00+00:00\",\"dateModified\":\"2025-06-27T13:33:45+00:00\",\"breadcrumb\":{\"@id\":\"https:\/\/automatydowaty.pl\/produkt\/papierowe-patyczki-do-waty-cukrowej-karton-300-sztuk\/#breadcrumb\"},\"inLanguage\":\"cs\",\"potentialAction\":[{\"@type\":\"ReadAction\",\"target\":[\"https:\/\/automatydowaty.pl\/produkt\/papierowe-patyczki-do-waty-cukrowej-karton-300-sztuk\/\"]}]},{\"@type\":\"ImageObject\",\"inLanguage\":\"cs\",\"@id\":\"https:\/\/automatydowaty.pl\/produkt\/papierowe-patyczki-do-waty-cukrowej-karton-300-sztuk\/#primaryimage\",\"url\":\"https:\/\/automatydowaty.pl\/wp-content\/uploads\/2025\/06\/Projekt-bez-nazwy-5-1.png\",\"contentUrl\":\"https:\/\/automatydowaty.pl\/wp-content\/uploads\/2025\/06\/Projekt-bez-nazwy-5-1.png\",\"width\":1620,\"height\":2025},{\"@type\":\"BreadcrumbList\",\"@id\":\"https:\/\/automatydowaty.pl\/produkt\/papierowe-patyczki-do-waty-cukrowej-karton-300-sztuk\/#breadcrumb\",\"itemListElement\":[{\"@type\":\"ListItem\",\"position\":1,\"name\":\"Strona g\u0142\u00f3wna\",\"item\":\"https:\/\/automatydowaty.pl\/\"},{\"@type\":\"ListItem\",\"position\":2,\"name\":\"Sklep\",\"item\":\"https:\/\/automatydowaty.pl\/sklep\/\"},{\"@type\":\"ListItem\",\"position\":3,\"name\":\"Papierowe patyczki do waty cukrowej &#8211; Karton (300 sztuk)\"}]},{\"@type\":\"WebSite\",\"@id\":\"https:\/\/automatydowaty.pl\/#website\",\"url\":\"https:\/\/automatydowaty.pl\/\",\"name\":\"Automaty do Waty\",\"description\":\"Polski importer automat\u00f3w do waty\",\"publisher\":{\"@id\":\"https:\/\/automatydowaty.pl\/#organization\"},\"potentialAction\":[{\"@type\":\"SearchAction\",\"target\":{\"@type\":\"EntryPoint\",\"urlTemplate\":\"https:\/\/automatydowaty.pl\/?s={search_term_string}\"},\"query-input\":{\"@type\":\"PropertyValueSpecification\",\"valueRequired\":true,\"valueName\":\"search_term_string\"}}],\"inLanguage\":\"cs\"},{\"@type\":\"Organization\",\"@id\":\"https:\/\/automatydowaty.pl\/#organization\",\"name\":\"Automaty do Waty\",\"url\":\"https:\/\/automatydowaty.pl\/\",\"logo\":{\"@type\":\"ImageObject\",\"inLanguage\":\"cs\",\"@id\":\"https:\/\/automatydowaty.pl\/#\/schema\/logo\/image\/\",\"url\":\"https:\/\/automatydowaty.pl\/wp-content\/uploads\/2024\/12\/AUTOMATY-DO-WATY-5-e1735304207394.png\",\"contentUrl\":\"https:\/\/automatydowaty.pl\/wp-content\/uploads\/2024\/12\/AUTOMATY-DO-WATY-5-e1735304207394.png\",\"width\":500,\"height\":200,\"caption\":\"Automaty do Waty\"},\"image\":{\"@id\":\"https:\/\/automatydowaty.pl\/#\/schema\/logo\/image\/\"}}]}<\/script>\n<!-- \/ Yoast SEO Premium plugin. -->","yoast_head_json":{"title":"Pap\u00edrov\u00e9 ty\u010dinky na cukrovou vatu - karton (300 kus\u016f) - prodejn\u00ed automaty","robots":{"index":"index","follow":"follow","max-snippet":"max-snippet:-1","max-image-preview":"max-image-preview:large","max-video-preview":"max-video-preview:-1"},"canonical":"https:\/\/automatydowaty.pl\/cs\/produkt\/papirove-tycinky-z-cukrove-vaty-karton-300-kusu\/","og_locale":"cs_CZ","og_type":"article","og_title":"Papierowe patyczki do waty cukrowej - Karton (300 sztuk)","og_description":"Papierowe patyczki do waty cukrowej \u2013 ekologiczne i bezpieczne Nasze papierowe patyczki zosta\u0142y specjalnie zaprojektowane do u\u017cytku w maszynach do","og_url":"https:\/\/automatydowaty.pl\/cs\/produkt\/papirove-tycinky-z-cukrove-vaty-karton-300-kusu\/","og_site_name":"Automaty do Waty","article_modified_time":"2025-06-27T13:33:45+00:00","og_image":[{"width":1620,"height":2025,"url":"https:\/\/automatydowaty.pl\/wp-content\/uploads\/2025\/06\/Projekt-bez-nazwy-5-1.png","type":"image\/png"}],"twitter_card":"summary_large_image","twitter_misc":{"Odhadovan\u00e1 doba \u010dten\u00ed":"2 minuty"},"schema":{"@context":"https:\/\/schema.org","@graph":[{"@type":"WebPage","@id":"https:\/\/automatydowaty.pl\/produkt\/papierowe-patyczki-do-waty-cukrowej-karton-300-sztuk\/","url":"https:\/\/automatydowaty.pl\/produkt\/papierowe-patyczki-do-waty-cukrowej-karton-300-sztuk\/","name":"Pap\u00edrov\u00e9 ty\u010dinky na cukrovou vatu - karton (300 kus\u016f) - prodejn\u00ed automaty","isPartOf":{"@id":"https:\/\/automatydowaty.pl\/#website"},"primaryImageOfPage":{"@id":"https:\/\/automatydowaty.pl\/produkt\/papierowe-patyczki-do-waty-cukrowej-karton-300-sztuk\/#primaryimage"},"image":{"@id":"https:\/\/automatydowaty.pl\/produkt\/papierowe-patyczki-do-waty-cukrowej-karton-300-sztuk\/#primaryimage"},"thumbnailUrl":"https:\/\/automatydowaty.pl\/wp-content\/uploads\/2025\/06\/Projekt-bez-nazwy-5-1.png","datePublished":"2025-06-16T14:10:00+00:00","dateModified":"2025-06-27T13:33:45+00:00","breadcrumb":{"@id":"https:\/\/automatydowaty.pl\/produkt\/papierowe-patyczki-do-waty-cukrowej-karton-300-sztuk\/#breadcrumb"},"inLanguage":"cs","potentialAction":[{"@type":"ReadAction","target":["https:\/\/automatydowaty.pl\/produkt\/papierowe-patyczki-do-waty-cukrowej-karton-300-sztuk\/"]}]},{"@type":"ImageObject","inLanguage":"cs","@id":"https:\/\/automatydowaty.pl\/produkt\/papierowe-patyczki-do-waty-cukrowej-karton-300-sztuk\/#primaryimage","url":"https:\/\/automatydowaty.pl\/wp-content\/uploads\/2025\/06\/Projekt-bez-nazwy-5-1.png","contentUrl":"https:\/\/automatydowaty.pl\/wp-content\/uploads\/2025\/06\/Projekt-bez-nazwy-5-1.png","width":1620,"height":2025},{"@type":"BreadcrumbList","@id":"https:\/\/automatydowaty.pl\/produkt\/papierowe-patyczki-do-waty-cukrowej-karton-300-sztuk\/#breadcrumb","itemListElement":[{"@type":"ListItem","position":1,"name":"Strona g\u0142\u00f3wna","item":"https:\/\/automatydowaty.pl\/"},{"@type":"ListItem","position":2,"name":"Sklep","item":"https:\/\/automatydowaty.pl\/sklep\/"},{"@type":"ListItem","position":3,"name":"Papierowe patyczki do waty cukrowej &#8211; Karton (300 sztuk)"}]},{"@type":"WebSite","@id":"https:\/\/automatydowaty.pl\/#website","url":"https:\/\/automatydowaty.pl\/","name":"Prodejn\u00ed automaty","description":"Polsk\u00fd dovozce prodejn\u00edch automat\u016f","publisher":{"@id":"https:\/\/automatydowaty.pl\/#organization"},"potentialAction":[{"@type":"SearchAction","target":{"@type":"EntryPoint","urlTemplate":"https:\/\/automatydowaty.pl\/?s={search_term_string}"},"query-input":{"@type":"PropertyValueSpecification","valueRequired":true,"valueName":"search_term_string"}}],"inLanguage":"cs"},{"@type":"Organization","@id":"https:\/\/automatydowaty.pl\/#organization","name":"Prodejn\u00ed automaty","url":"https:\/\/automatydowaty.pl\/","logo":{"@type":"ImageObject","inLanguage":"cs","@id":"https:\/\/automatydowaty.pl\/#\/schema\/logo\/image\/","url":"https:\/\/automatydowaty.pl\/wp-content\/uploads\/2024\/12\/AUTOMATY-DO-WATY-5-e1735304207394.png","contentUrl":"https:\/\/automatydowaty.pl\/wp-content\/uploads\/2024\/12\/AUTOMATY-DO-WATY-5-e1735304207394.png","width":500,"height":200,"caption":"Automaty do Waty"},"image":{"@id":"https:\/\/automatydowaty.pl\/#\/schema\/logo\/image\/"}}]}},"_links":{"self":[{"href":"https:\/\/automatydowaty.pl\/cs\/wp-json\/wp\/v2\/product\/400","targetHints":{"allow":["GET"]}}],"collection":[{"href":"https:\/\/automatydowaty.pl\/cs\/wp-json\/wp\/v2\/product"}],"about":[{"href":"https:\/\/automatydowaty.pl\/cs\/wp-json\/wp\/v2\/types\/product"}],"replies":[{"embeddable":true,"href":"https:\/\/automatydowaty.pl\/cs\/wp-json\/wp\/v2\/comments?post=400"}],"wp:featuredmedia":[{"embeddable":true,"href":"https:\/\/automatydowaty.pl\/cs\/wp-json\/wp\/v2\/media\/403"}],"wp:attachment":[{"href":"https:\/\/automatydowaty.pl\/cs\/wp-json\/wp\/v2\/media?parent=400"}],"wp:term":[{"taxonomy":"product_brand","embeddable":true,"href":"https:\/\/automatydowaty.pl\/cs\/wp-json\/wp\/v2\/product_brand?post=400"},{"taxonomy":"product_cat","embeddable":true,"href":"https:\/\/automatydowaty.pl\/cs\/wp-json\/wp\/v2\/product_cat?post=400"},{"taxonomy":"product_tag","embeddable":true,"href":"https:\/\/automatydowaty.pl\/cs\/wp-json\/wp\/v2\/product_tag?post=400"}],"curies":[{"name":"wp","href":"https:\/\/api.w.org\/{rel}","templated":true}]}}