{"id":348,"date":"2025-05-28T12:46:00","date_gmt":"2025-05-28T12:46:00","guid":{"rendered":"https:\/\/automatydowaty.pl\/?post_type=product&#038;p=348"},"modified":"2025-07-24T14:35:29","modified_gmt":"2025-07-24T14:35:29","slug":"cukrova-vata-s-prichuti-manga-1kg","status":"publish","type":"product","link":"https:\/\/automatydowaty.pl\/cs\/produkt\/cukrova-vata-s-prichuti-manga-1kg\/","title":{"rendered":"Cukr Watomat - p\u0159\u00edchu\u0165 mango - 1kg"},"content":{"rendered":"<p>Varov\u00e1n\u00ed: Do automatu na cukrovou vatu se sm\u00ed pou\u017e\u00edvat pouze origin\u00e1ln\u00ed cukr ur\u010den\u00fd pro tento typ automatu. Levn\u00fd cukr od jin\u00fdch dodavatel\u016f, vyroben\u00fd za n\u00edzkou cenu, m\u016f\u017ee \u010dasem po\u0161kodit automat! N\u00e1\u0161 specializovan\u00fd cukr je vhodn\u00fd i pro automaty jin\u00fdch v\u00fdrobc\u016f.<\/p>\n<p>Cukr do strojk\u016f na cukrovou vatu - ide\u00e1ln\u00ed pro strojky na cukrovou vatu<br \/>\nPono\u0159te se do \u010dist\u00e9 sladkosti! N\u00e1\u0161 cukr je pe\u010dliv\u011b vybran\u00e1 sm\u011bs vytvo\u0159en\u00e1 s ohledem na stroje na cukrovou vatu. Zaru\u010duje nad\u00fdchanou, aromatickou cukrovou vatu s v\u00fdraznou chut\u00ed.<\/p>\n<p>V\u0161estrannost a \u0161pi\u010dkov\u00e1 kvalita:<br \/>\nNeutr\u00e1ln\u00ed a \u010dist\u00e1 chu\u0165 - ide\u00e1ln\u00ed pro milovn\u00edky klasick\u00e9 cukrov\u00e9 vaty nebo jako z\u00e1klad pro vlastn\u00ed chu\u0165ov\u00e9 variace.<\/p>\n<p>Dokonal\u00e1 granulace - jemn\u00e1 zrna zaji\u0161\u0165uj\u00ed rovnom\u011brn\u00e9 taven\u00ed a bezprobl\u00e9mov\u00e9 odst\u0159e\u010fov\u00e1n\u00ed bez tvorby hrudek.<\/p>\n<p>Dlouh\u00e1 trvanlivost - d\u00edky vzduchot\u011bsn\u00e9mu obalu z\u016fst\u00e1v\u00e1 cukr dlouho \u010derstv\u00fd.<\/p>\n<p>Pro\u010d si vybrat n\u00e1\u0161 cukr?<br \/>\nBezpe\u010dn\u00e9 pro za\u0159\u00edzen\u00ed - \u017e\u00e1dn\u00e9 p\u0159\u00edsady, kter\u00e9 by mohly po\u0161kodit stroj.<\/p>\n<p>Univerz\u00e1ln\u00ed pou\u017eit\u00ed - ide\u00e1ln\u00ed pro dom\u00e1c\u00ed i profesion\u00e1ln\u00ed pou\u017eit\u00ed.<\/p>\n<p>St\u00e1l\u00e1 kvalita - p\u0159\u00edsn\u00e9 v\u00fdrobn\u00ed normy zaru\u010duj\u00ed \u010distotu a opakovatelnou kvalitu.<\/p>\n<p>S na\u0161\u00edm cukrem p\u0159enesete kouzlo cukrov\u00e9 vaty p\u0159\u00edmo na va\u0161i akci, veletr\u017en\u00ed st\u00e1nek nebo do vlastn\u00ed kuchyn\u011b. Vychutnejte si autentickou chu\u0165 nebo si vytvo\u0159te vlastn\u00ed jedine\u010dn\u00e9 kombinace chut\u00ed.<\/p>\n<p>D\u016fv\u011b\u0159ujte n\u00e1m a za\u017eijte nezapomenuteln\u00e9 chv\u00edle s cukrovou vatou - s origin\u00e1ln\u00edm cukrem pro v\u00e1\u0161 stroj!<\/p>","protected":false},"excerpt":{"rendered":"<p>Varov\u00e1n\u00ed: Pou\u017e\u00edvejte pouze origin\u00e1ln\u00ed cukr ur\u010den\u00fd do strojk\u016f na cukrovou vatu. Levn\u00fd cukr od jin\u00fdch v\u00fdrobc\u016f<\/p>","protected":false},"featured_media":321,"comment_status":"open","ping_status":"closed","template":"","meta":[],"product_brand":[],"product_cat":[20],"product_tag":[],"class_list":{"0":"post-348","1":"product","2":"type-product","3":"status-publish","4":"has-post-thumbnail","6":"product_cat-cukier-do-watomatu","8":"first","9":"instock","10":"taxable","11":"shipping-taxable","12":"purchasable","13":"product-type-simple"},"yoast_head":"<!-- This site is optimized with the Yoast SEO Premium plugin v24.2 (Yoast SEO v27.2) - https:\/\/yoast.com\/product\/yoast-seo-premium-wordpress\/ -->\n<title>Cukier do Watomatu - Smak Mango - 1kg - Automaty do Waty<\/title>\n<meta name=\"robots\" content=\"index, follow, max-snippet:-1, max-image-preview:large, max-video-preview:-1\" \/>\n<link rel=\"canonical\" href=\"https:\/\/automatydowaty.pl\/cs\/produkt\/cukrova-vata-s-prichuti-manga-1kg\/\" \/>\n<meta property=\"og:locale\" content=\"cs_CZ\" \/>\n<meta property=\"og:type\" content=\"article\" \/>\n<meta property=\"og:title\" content=\"Cukier do Watomatu - Smak Mango - 1kg\" \/>\n<meta property=\"og:description\" content=\"Ostrze\u017cenie: Do maszyny do waty cukrowej nale\u017cy u\u017cywa\u0107 wy\u0142\u0105cznie oryginalnego cukru przeznaczonego do tego typu automat\u00f3w. Tani cukier od innych\" \/>\n<meta property=\"og:url\" content=\"https:\/\/automatydowaty.pl\/cs\/produkt\/cukrova-vata-s-prichuti-manga-1kg\/\" \/>\n<meta property=\"og:site_name\" content=\"Automaty do Waty\" \/>\n<meta property=\"article:modified_time\" content=\"2025-07-24T14:35:29+00:00\" \/>\n<meta property=\"og:image\" content=\"https:\/\/automatydowaty.pl\/wp-content\/uploads\/2025\/05\/Projekt-bez-nazwy-2-1.png\" \/>\n\t<meta property=\"og:image:width\" content=\"500\" \/>\n\t<meta property=\"og:image:height\" content=\"500\" \/>\n\t<meta property=\"og:image:type\" content=\"image\/png\" \/>\n<meta name=\"twitter:card\" content=\"summary_large_image\" \/>\n<meta name=\"twitter:label1\" content=\"Odhadovan\u00e1 doba \u010dten\u00ed\" \/>\n\t<meta name=\"twitter:data1\" content=\"2 minuty\" \/>\n<script type=\"application\/ld+json\" class=\"yoast-schema-graph\">{\"@context\":\"https:\/\/schema.org\",\"@graph\":[{\"@type\":\"WebPage\",\"@id\":\"https:\/\/automatydowaty.pl\/produkt\/cukier-do-watomatu-smak-mango-1kg\/\",\"url\":\"https:\/\/automatydowaty.pl\/produkt\/cukier-do-watomatu-smak-mango-1kg\/\",\"name\":\"Cukier do Watomatu - Smak Mango - 1kg - Automaty do Waty\",\"isPartOf\":{\"@id\":\"https:\/\/automatydowaty.pl\/#website\"},\"primaryImageOfPage\":{\"@id\":\"https:\/\/automatydowaty.pl\/produkt\/cukier-do-watomatu-smak-mango-1kg\/#primaryimage\"},\"image\":{\"@id\":\"https:\/\/automatydowaty.pl\/produkt\/cukier-do-watomatu-smak-mango-1kg\/#primaryimage\"},\"thumbnailUrl\":\"https:\/\/automatydowaty.pl\/wp-content\/uploads\/2025\/05\/Projekt-bez-nazwy-2-1.png\",\"datePublished\":\"2025-05-28T12:46:00+00:00\",\"dateModified\":\"2025-07-24T14:35:29+00:00\",\"breadcrumb\":{\"@id\":\"https:\/\/automatydowaty.pl\/produkt\/cukier-do-watomatu-smak-mango-1kg\/#breadcrumb\"},\"inLanguage\":\"cs\",\"potentialAction\":[{\"@type\":\"ReadAction\",\"target\":[\"https:\/\/automatydowaty.pl\/produkt\/cukier-do-watomatu-smak-mango-1kg\/\"]}]},{\"@type\":\"ImageObject\",\"inLanguage\":\"cs\",\"@id\":\"https:\/\/automatydowaty.pl\/produkt\/cukier-do-watomatu-smak-mango-1kg\/#primaryimage\",\"url\":\"https:\/\/automatydowaty.pl\/wp-content\/uploads\/2025\/05\/Projekt-bez-nazwy-2-1.png\",\"contentUrl\":\"https:\/\/automatydowaty.pl\/wp-content\/uploads\/2025\/05\/Projekt-bez-nazwy-2-1.png\",\"width\":500,\"height\":500},{\"@type\":\"BreadcrumbList\",\"@id\":\"https:\/\/automatydowaty.pl\/produkt\/cukier-do-watomatu-smak-mango-1kg\/#breadcrumb\",\"itemListElement\":[{\"@type\":\"ListItem\",\"position\":1,\"name\":\"Strona g\u0142\u00f3wna\",\"item\":\"https:\/\/automatydowaty.pl\/\"},{\"@type\":\"ListItem\",\"position\":2,\"name\":\"Sklep\",\"item\":\"https:\/\/automatydowaty.pl\/sklep\/\"},{\"@type\":\"ListItem\",\"position\":3,\"name\":\"Cukier do Watomatu &#8211; Smak Mango &#8211; 1kg\"}]},{\"@type\":\"WebSite\",\"@id\":\"https:\/\/automatydowaty.pl\/#website\",\"url\":\"https:\/\/automatydowaty.pl\/\",\"name\":\"Automaty do Waty\",\"description\":\"Polski importer automat\u00f3w do waty\",\"publisher\":{\"@id\":\"https:\/\/automatydowaty.pl\/#organization\"},\"potentialAction\":[{\"@type\":\"SearchAction\",\"target\":{\"@type\":\"EntryPoint\",\"urlTemplate\":\"https:\/\/automatydowaty.pl\/?s={search_term_string}\"},\"query-input\":{\"@type\":\"PropertyValueSpecification\",\"valueRequired\":true,\"valueName\":\"search_term_string\"}}],\"inLanguage\":\"cs\"},{\"@type\":\"Organization\",\"@id\":\"https:\/\/automatydowaty.pl\/#organization\",\"name\":\"Automaty do Waty\",\"url\":\"https:\/\/automatydowaty.pl\/\",\"logo\":{\"@type\":\"ImageObject\",\"inLanguage\":\"cs\",\"@id\":\"https:\/\/automatydowaty.pl\/#\/schema\/logo\/image\/\",\"url\":\"https:\/\/automatydowaty.pl\/wp-content\/uploads\/2024\/12\/AUTOMATY-DO-WATY-5-e1735304207394.png\",\"contentUrl\":\"https:\/\/automatydowaty.pl\/wp-content\/uploads\/2024\/12\/AUTOMATY-DO-WATY-5-e1735304207394.png\",\"width\":500,\"height\":200,\"caption\":\"Automaty do Waty\"},\"image\":{\"@id\":\"https:\/\/automatydowaty.pl\/#\/schema\/logo\/image\/\"}}]}<\/script>\n<!-- \/ Yoast SEO Premium plugin. -->","yoast_head_json":{"title":"Cukr Watata - p\u0159\u00edchu\u0165 mango - 1kg - Watata Vending Machines","robots":{"index":"index","follow":"follow","max-snippet":"max-snippet:-1","max-image-preview":"max-image-preview:large","max-video-preview":"max-video-preview:-1"},"canonical":"https:\/\/automatydowaty.pl\/cs\/produkt\/cukrova-vata-s-prichuti-manga-1kg\/","og_locale":"cs_CZ","og_type":"article","og_title":"Cukier do Watomatu - Smak Mango - 1kg","og_description":"Ostrze\u017cenie: Do maszyny do waty cukrowej nale\u017cy u\u017cywa\u0107 wy\u0142\u0105cznie oryginalnego cukru przeznaczonego do tego typu automat\u00f3w. Tani cukier od innych","og_url":"https:\/\/automatydowaty.pl\/cs\/produkt\/cukrova-vata-s-prichuti-manga-1kg\/","og_site_name":"Automaty do Waty","article_modified_time":"2025-07-24T14:35:29+00:00","og_image":[{"width":500,"height":500,"url":"https:\/\/automatydowaty.pl\/wp-content\/uploads\/2025\/05\/Projekt-bez-nazwy-2-1.png","type":"image\/png"}],"twitter_card":"summary_large_image","twitter_misc":{"Odhadovan\u00e1 doba \u010dten\u00ed":"2 minuty"},"schema":{"@context":"https:\/\/schema.org","@graph":[{"@type":"WebPage","@id":"https:\/\/automatydowaty.pl\/produkt\/cukier-do-watomatu-smak-mango-1kg\/","url":"https:\/\/automatydowaty.pl\/produkt\/cukier-do-watomatu-smak-mango-1kg\/","name":"Cukr Watata - p\u0159\u00edchu\u0165 mango - 1kg - Watata Vending Machines","isPartOf":{"@id":"https:\/\/automatydowaty.pl\/#website"},"primaryImageOfPage":{"@id":"https:\/\/automatydowaty.pl\/produkt\/cukier-do-watomatu-smak-mango-1kg\/#primaryimage"},"image":{"@id":"https:\/\/automatydowaty.pl\/produkt\/cukier-do-watomatu-smak-mango-1kg\/#primaryimage"},"thumbnailUrl":"https:\/\/automatydowaty.pl\/wp-content\/uploads\/2025\/05\/Projekt-bez-nazwy-2-1.png","datePublished":"2025-05-28T12:46:00+00:00","dateModified":"2025-07-24T14:35:29+00:00","breadcrumb":{"@id":"https:\/\/automatydowaty.pl\/produkt\/cukier-do-watomatu-smak-mango-1kg\/#breadcrumb"},"inLanguage":"cs","potentialAction":[{"@type":"ReadAction","target":["https:\/\/automatydowaty.pl\/produkt\/cukier-do-watomatu-smak-mango-1kg\/"]}]},{"@type":"ImageObject","inLanguage":"cs","@id":"https:\/\/automatydowaty.pl\/produkt\/cukier-do-watomatu-smak-mango-1kg\/#primaryimage","url":"https:\/\/automatydowaty.pl\/wp-content\/uploads\/2025\/05\/Projekt-bez-nazwy-2-1.png","contentUrl":"https:\/\/automatydowaty.pl\/wp-content\/uploads\/2025\/05\/Projekt-bez-nazwy-2-1.png","width":500,"height":500},{"@type":"BreadcrumbList","@id":"https:\/\/automatydowaty.pl\/produkt\/cukier-do-watomatu-smak-mango-1kg\/#breadcrumb","itemListElement":[{"@type":"ListItem","position":1,"name":"Strona g\u0142\u00f3wna","item":"https:\/\/automatydowaty.pl\/"},{"@type":"ListItem","position":2,"name":"Sklep","item":"https:\/\/automatydowaty.pl\/sklep\/"},{"@type":"ListItem","position":3,"name":"Cukier do Watomatu &#8211; Smak Mango &#8211; 1kg"}]},{"@type":"WebSite","@id":"https:\/\/automatydowaty.pl\/#website","url":"https:\/\/automatydowaty.pl\/","name":"Prodejn\u00ed automaty","description":"Polsk\u00fd dovozce prodejn\u00edch automat\u016f","publisher":{"@id":"https:\/\/automatydowaty.pl\/#organization"},"potentialAction":[{"@type":"SearchAction","target":{"@type":"EntryPoint","urlTemplate":"https:\/\/automatydowaty.pl\/?s={search_term_string}"},"query-input":{"@type":"PropertyValueSpecification","valueRequired":true,"valueName":"search_term_string"}}],"inLanguage":"cs"},{"@type":"Organization","@id":"https:\/\/automatydowaty.pl\/#organization","name":"Prodejn\u00ed automaty","url":"https:\/\/automatydowaty.pl\/","logo":{"@type":"ImageObject","inLanguage":"cs","@id":"https:\/\/automatydowaty.pl\/#\/schema\/logo\/image\/","url":"https:\/\/automatydowaty.pl\/wp-content\/uploads\/2024\/12\/AUTOMATY-DO-WATY-5-e1735304207394.png","contentUrl":"https:\/\/automatydowaty.pl\/wp-content\/uploads\/2024\/12\/AUTOMATY-DO-WATY-5-e1735304207394.png","width":500,"height":200,"caption":"Automaty do Waty"},"image":{"@id":"https:\/\/automatydowaty.pl\/#\/schema\/logo\/image\/"}}]}},"_links":{"self":[{"href":"https:\/\/automatydowaty.pl\/cs\/wp-json\/wp\/v2\/product\/348","targetHints":{"allow":["GET"]}}],"collection":[{"href":"https:\/\/automatydowaty.pl\/cs\/wp-json\/wp\/v2\/product"}],"about":[{"href":"https:\/\/automatydowaty.pl\/cs\/wp-json\/wp\/v2\/types\/product"}],"replies":[{"embeddable":true,"href":"https:\/\/automatydowaty.pl\/cs\/wp-json\/wp\/v2\/comments?post=348"}],"wp:featuredmedia":[{"embeddable":true,"href":"https:\/\/automatydowaty.pl\/cs\/wp-json\/wp\/v2\/media\/321"}],"wp:attachment":[{"href":"https:\/\/automatydowaty.pl\/cs\/wp-json\/wp\/v2\/media?parent=348"}],"wp:term":[{"taxonomy":"product_brand","embeddable":true,"href":"https:\/\/automatydowaty.pl\/cs\/wp-json\/wp\/v2\/product_brand?post=348"},{"taxonomy":"product_cat","embeddable":true,"href":"https:\/\/automatydowaty.pl\/cs\/wp-json\/wp\/v2\/product_cat?post=348"},{"taxonomy":"product_tag","embeddable":true,"href":"https:\/\/automatydowaty.pl\/cs\/wp-json\/wp\/v2\/product_tag?post=348"}],"curies":[{"name":"wp","href":"https:\/\/api.w.org\/{rel}","templated":true}]}}